{"id":5402,"date":"2022-11-01T11:20:19","date_gmt":"2022-11-01T11:20:19","guid":{"rendered":"https:\/\/pastamachine.ca\/product\/machine-a-papillon-2\/"},"modified":"2022-12-13T12:09:50","modified_gmt":"2022-12-13T12:09:50","slug":"machine-a-papillon-2","status":"publish","type":"product","link":"https:\/\/pastamachine.ca\/en\/product\/machine-a-papillon-2\/","title":{"rendered":"Farfalle machine"},"content":{"rendered":"","protected":false},"excerpt":{"rendered":"<p>C\u2019est une machine pour la production de\u00a0p\u00e2te lamin\u00e9e\u00a0dans\u00a0format papillon\u00a0et similaire.<br \/>\nRobuste, flexible et fiable, c\u2019est la machine id\u00e9ale pour l\u2019industrie des p\u00e2tes fra\u00eeches petites \/ moyennes.<br \/>\nElle travaille avec une abaisse 300 ou 540mm.<br \/>\nMoules interchangeables pour obtenir formats diff\u00e9rents. Parties en contact avec l\u2019aliment en acier inoxydable ou ayant un rev\u00eatement non toxique.<br \/>\nSur demande: motorisation \u00e0 vitesse variable, dispositif de coupe et\/ou r\u00e9cup\u00e9ration d\u00e9chets, variateur de vitesse pour le contr\u00f4le des coups.<\/p>\n","protected":false},"featured_media":3844,"template":"","meta":[],"product_cat":[99],"product_tag":[],"class_list":{"0":"post-5402","1":"product","2":"type-product","3":"status-publish","4":"has-post-thumbnail","6":"product_cat-machine-a-papillon-en","8":"first","9":"instock","10":"shipping-taxable","11":"product-type-simple"},"_links":{"self":[{"href":"https:\/\/pastamachine.ca\/en\/wp-json\/wp\/v2\/product\/5402","targetHints":{"allow":["GET"]}}],"collection":[{"href":"https:\/\/pastamachine.ca\/en\/wp-json\/wp\/v2\/product"}],"about":[{"href":"https:\/\/pastamachine.ca\/en\/wp-json\/wp\/v2\/types\/product"}],"wp:featuredmedia":[{"embeddable":true,"href":"https:\/\/pastamachine.ca\/en\/wp-json\/wp\/v2\/media\/3844"}],"wp:attachment":[{"href":"https:\/\/pastamachine.ca\/en\/wp-json\/wp\/v2\/media?parent=5402"}],"wp:term":[{"taxonomy":"product_cat","embeddable":true,"href":"https:\/\/pastamachine.ca\/en\/wp-json\/wp\/v2\/product_cat?post=5402"},{"taxonomy":"product_tag","embeddable":true,"href":"https:\/\/pastamachine.ca\/en\/wp-json\/wp\/v2\/product_tag?post=5402"}],"curies":[{"name":"wp","href":"https:\/\/api.w.org\/{rel}","templated":true}]}}