{"id":5302,"date":"2022-11-24T11:54:10","date_gmt":"2022-11-24T11:54:10","guid":{"rendered":"https:\/\/pastamachine.ca\/crepes-machine\/"},"modified":"2024-02-16T21:38:25","modified_gmt":"2024-02-16T21:38:25","slug":"crepes-machine","status":"publish","type":"page","link":"https:\/\/pastamachine.ca\/en\/crepes-machine\/","title":{"rendered":"Crepes Machine"},"content":{"rendered":"\t\t<div data-elementor-type=\"wp-page\" data-elementor-id=\"5302\" class=\"elementor elementor-5302\">\n\t\t\t\t\t\t<section class=\"elementor-section elementor-top-section elementor-element elementor-element-bb5bdad elementor-section-boxed elementor-section-height-default elementor-section-height-default e-parent\" data-id=\"bb5bdad\" data-element_type=\"section\" data-settings=\"{&quot;background_background&quot;:&quot;classic&quot;,&quot;background_motion_fx_motion_fx_scrolling&quot;:&quot;yes&quot;,&quot;background_motion_fx_translateY_effect&quot;:&quot;yes&quot;,&quot;background_motion_fx_translateY_speed&quot;:{&quot;unit&quot;:&quot;px&quot;,&quot;size&quot;:3,&quot;sizes&quot;:[]},&quot;background_motion_fx_translateY_affectedRange&quot;:{&quot;unit&quot;:&quot;%&quot;,&quot;size&quot;:&quot;&quot;,&quot;sizes&quot;:{&quot;start&quot;:20,&quot;end&quot;:80}},&quot;background_motion_fx_devices&quot;:[&quot;mobile&quot;,&quot;mobile_extra&quot;,&quot;tablet&quot;,&quot;laptop&quot;,&quot;desktop&quot;]}\">\n\t\t\t\t\t\t\t<div class=\"elementor-background-overlay\"><\/div>\n\t\t\t\t\t\t\t<div class=\"elementor-container elementor-column-gap-no\">\n\t\t\t\t\t<div class=\"elementor-column elementor-col-100 elementor-top-column elementor-element elementor-element-e8a7763 lakit-col-width-auto-no\" data-id=\"e8a7763\" data-element_type=\"column\">\n\t\t\t<div class=\"elementor-widget-wrap elementor-element-populated\">\n\t\t\t\t\t\t<div class=\"elementor-element elementor-element-71c46888 lakit-breadcrumbs-align-center lakit-breadcrumbs-on-front-yes lakit-breadcrumbs-page-title-yes elementor-widget lastudio-kit elementor-lakit-breadcrumbs\" data-id=\"71c46888\" data-element_type=\"widget\" data-widget_type=\"lakit-breadcrumbs.default\">\n\t\t\t\t<div class=\"elementor-widget-container\">\n\t\t\t\n\t\t<div class=\"lakit-breadcrumbs\">\n\t\t<div class=\"lakit-breadcrumbs__content\">\n\t\t<div class=\"lakit-breadcrumbs__wrap\"><div class=\"lakit-breadcrumbs__item\"><a href=\"https:\/\/pastamachine.ca\/en\/\" class=\"lakit-breadcrumbs__item-link is-home\" rel=\"home\" title=\"Home\">Home<\/a><\/div>\n\t\t<\/div>\n\t\t<\/div>\n\t\t<\/div>\t\t<\/div>\n\t\t\t\t<\/div>\n\t\t\t\t\t<\/div>\n\t\t<\/div>\n\t\t\t\t\t<\/div>\n\t\t<\/section>\n\t\t\t\t<section class=\"elementor-section elementor-top-section elementor-element elementor-element-408f1c33 elementor-section-boxed elementor-section-height-default elementor-section-height-default e-parent\" data-id=\"408f1c33\" data-element_type=\"section\">\n\t\t\t\t\t\t<div class=\"elementor-container elementor-column-gap-no\">\n\t\t\t\t\t<div class=\"elementor-column elementor-col-50 elementor-top-column elementor-element elementor-element-24e8d625 lakit-col-width-auto-no\" data-id=\"24e8d625\" data-element_type=\"column\">\n\t\t\t<div class=\"elementor-widget-wrap elementor-element-populated\">\n\t\t\t\t\t\t<div class=\"elementor-element elementor-element-17d1d8e3 lakit-pagination-has-border-yes elementor-widget lastudio-kit elementor-lakit-wooproducts\" data-id=\"17d1d8e3\" data-element_type=\"widget\" data-widget_type=\"lakit-wooproducts.default\">\n\t\t\t\t<div class=\"elementor-widget-container\">\n\t\t\t<div class=\"woocommerce  lakit_wc_widget_17d1d8e3_0\"><div class=\"woocommerce-notices-wrapper\"><\/div><div class=\"lakit-products\" ><div class=\"lakit-products__list_wrapper\"><ul class=\"products ul_products lakit-products__list products-grid products-grid-1 col-row columns-3\">\n<li class=\"product type-product post-5411 status-publish first instock product_cat-crepes-en has-post-thumbnail shipping-taxable product-type-simple lakit-product product_item col-desk-3 col-tabp-2 col-tab-2 col-lap-3\">\n\t<div class=\"product_item--inner\"><div class=\"product_item--thumbnail\"><div class=\"product_item--thumbnail-holder\"><a href=\"https:\/\/pastamachine.ca\/en\/product\/production-line-for-pancakes\/\" class=\"woocommerce-LoopProduct-link woocommerce-loop-product__link\"><div class=\"lakit-embla__slide figure__object_fit p_img-first\"><img fetchpriority=\"high\" decoding=\"async\" width=\"400\" height=\"400\" src=\"https:\/\/pastamachine.ca\/wp-content\/uploads\/2022\/11\/Ligne-de-production-1-400x400.jpg\" class=\"attachment-woocommerce_thumbnail size-woocommerce_thumbnail\" alt=\"Machines \u00e0 Cr\u00eapes Canada - Machines \u00e0 Cr\u00eapes Quebec - Crepes Machine Canada - Crepes Machine Quebec - Pasta Machine Canada Pasta Machine Canada, Pasta Machines Quebec. Professional pasta machines for home, restaurants, artisan laboratory and custom production line Pasta Machine Canada, Laval, QC. Machine \u00e0 P\u00e2tes Canada - Machines \u00e0 P\u00e2tes professionnelles pour maison, restaurants, laboratoire artisanal et ligne de production sur mesure Pasta Machines Laval, Quebec, Canada. Professional pasta machines for home, restaurants, artisan laboratory and custom production line\" srcset=\"https:\/\/pastamachine.ca\/wp-content\/uploads\/2022\/11\/Ligne-de-production-1-400x400.jpg 400w, https:\/\/pastamachine.ca\/wp-content\/uploads\/2022\/11\/Ligne-de-production-1.jpg 600w\" sizes=\"(max-width: 400px) 100vw, 400px\" \/><\/div><div class=\"figure__object_fit p_img-second\"><div style=\"background-image: url('https:\/\/pastamachine.ca\/wp-content\/uploads\/2022\/11\/Ligne-de-production-2-400x400.jpg')\"><\/div><\/div><span class=\"item--overlay\"><\/span><span class=\"screen-reader-text\">Production line for pancakes<\/span><\/a><\/div><div class=\"product_item_thumbnail_action product_item--action\"><div class=\"wrap-addto\"><a href=\"https:\/\/pastamachine.ca\/en\/product\/production-line-for-pancakes\/\" data-quantity=\"1\" class=\"la-addcart button product_type_simple add_to_cart_button\" data-product_id=\"5411\" data-product_sku=\"\" aria-label=\"Read more about &ldquo;Production line for pancakes&rdquo;\" rel=\"nofollow\" data-success_message=\"\" data-product_title=\"Production line for pancakes\" title=\"Read more\"><span class=\"labtn-icon labtn-icon-cart\"><\/span><span class=\"labtn-text\" title=\"Read more\">Read more<\/span><\/a><\/div><\/div><\/div><div class=\"product_item--info\"><div class=\"product_item--info-inner\"><h3 class=\"product_item--title\"><a href=\"https:\/\/pastamachine.ca\/en\/product\/production-line-for-pancakes\/\">Production line for pancakes<\/a><\/h3>\n<\/div><div class=\"product_item--info-action product_item--action\"><div class=\"wrap-addto\"><a href=\"https:\/\/pastamachine.ca\/en\/product\/production-line-for-pancakes\/\" data-quantity=\"1\" class=\"la-addcart button product_type_simple add_to_cart_button\" data-product_id=\"5411\" data-product_sku=\"\" aria-label=\"Read more about &ldquo;Production line for pancakes&rdquo;\" rel=\"nofollow\" data-success_message=\"\" data-product_title=\"Production line for pancakes\" title=\"Read more\"><span class=\"labtn-icon labtn-icon-cart\"><\/span><span class=\"labtn-text\" title=\"Read more\">Read more<\/span><\/a><\/div><\/div><\/div><\/div><\/li>\n<li class=\"product type-product post-5412 status-publish instock product_cat-crepes-en has-post-thumbnail shipping-taxable product-type-simple lakit-product product_item col-desk-3 col-tabp-2 col-tab-2 col-lap-3\">\n\t<div class=\"product_item--inner\"><div class=\"product_item--thumbnail\"><div class=\"product_item--thumbnail-holder\"><a href=\"https:\/\/pastamachine.ca\/en\/product\/c4-rectangular-crepes-machine\/\" class=\"woocommerce-LoopProduct-link woocommerce-loop-product__link\"><div class=\"lakit-embla__slide figure__object_fit p_img-first\"><img decoding=\"async\" width=\"400\" height=\"400\" src=\"https:\/\/pastamachine.ca\/wp-content\/uploads\/2022\/11\/C4-machine-a-crepes-rectangulaire--400x400.jpg\" class=\"attachment-woocommerce_thumbnail size-woocommerce_thumbnail\" alt=\"Machines \u00e0 Cr\u00eapes Canada - Machines \u00e0 Cr\u00eapes Quebec - Crepes Machine Canada - Crepes Machine Quebec - Pasta Machine Canada Pasta Machine Canada, Pasta Machines Quebec. Professional pasta machines for home, restaurants, artisan laboratory and custom production line Pasta Machine Canada, Laval, QC. Machine \u00e0 P\u00e2tes Canada - Machines \u00e0 P\u00e2tes professionnelles pour maison, restaurants, laboratoire artisanal et ligne de production sur mesure Pasta Machines Laval, Quebec, Canada. Professional pasta machines for home, restaurants, artisan laboratory and custom production line\" srcset=\"https:\/\/pastamachine.ca\/wp-content\/uploads\/2022\/11\/C4-machine-a-crepes-rectangulaire--400x400.jpg 400w, https:\/\/pastamachine.ca\/wp-content\/uploads\/2022\/11\/C4-machine-a-crepes-rectangulaire-.jpg 600w\" sizes=\"(max-width: 400px) 100vw, 400px\" \/><\/div><span class=\"item--overlay\"><\/span><span class=\"screen-reader-text\">C4 Rectangular crepes machine<\/span><\/a><\/div><div class=\"product_item_thumbnail_action product_item--action\"><div class=\"wrap-addto\"><a href=\"https:\/\/pastamachine.ca\/en\/product\/c4-rectangular-crepes-machine\/\" data-quantity=\"1\" class=\"la-addcart button product_type_simple add_to_cart_button\" data-product_id=\"5412\" data-product_sku=\"\" aria-label=\"Read more about &ldquo;C4 Rectangular crepes machine&rdquo;\" rel=\"nofollow\" data-success_message=\"\" data-product_title=\"C4 Rectangular crepes machine\" title=\"Read more\"><span class=\"labtn-icon labtn-icon-cart\"><\/span><span class=\"labtn-text\" title=\"Read more\">Read more<\/span><\/a><\/div><\/div><\/div><div class=\"product_item--info\"><div class=\"product_item--info-inner\"><h3 class=\"product_item--title\"><a href=\"https:\/\/pastamachine.ca\/en\/product\/c4-rectangular-crepes-machine\/\">C4 Rectangular crepes machine<\/a><\/h3>\n<\/div><div class=\"product_item--info-action product_item--action\"><div class=\"wrap-addto\"><a href=\"https:\/\/pastamachine.ca\/en\/product\/c4-rectangular-crepes-machine\/\" data-quantity=\"1\" class=\"la-addcart button product_type_simple add_to_cart_button\" data-product_id=\"5412\" data-product_sku=\"\" aria-label=\"Read more about &ldquo;C4 Rectangular crepes machine&rdquo;\" rel=\"nofollow\" data-success_message=\"\" data-product_title=\"C4 Rectangular crepes machine\" title=\"Read more\"><span class=\"labtn-icon labtn-icon-cart\"><\/span><span class=\"labtn-text\" title=\"Read more\">Read more<\/span><\/a><\/div><\/div><\/div><\/div><\/li>\n<li class=\"product type-product post-5413 status-publish last instock product_cat-crepes-en has-post-thumbnail shipping-taxable product-type-simple lakit-product product_item col-desk-3 col-tabp-2 col-tab-2 col-lap-3\">\n\t<div class=\"product_item--inner\"><div class=\"product_item--thumbnail\"><div class=\"product_item--thumbnail-holder\"><a href=\"https:\/\/pastamachine.ca\/en\/product\/c3-roumd-crepes-machine\/\" class=\"woocommerce-LoopProduct-link woocommerce-loop-product__link\"><div class=\"lakit-embla__slide figure__object_fit p_img-first\"><img decoding=\"async\" width=\"400\" height=\"400\" src=\"https:\/\/pastamachine.ca\/wp-content\/uploads\/2022\/11\/C3-machine-a-crepes-rondes-400x400.jpg\" class=\"attachment-woocommerce_thumbnail size-woocommerce_thumbnail\" alt=\"Machines \u00e0 Cr\u00eapes Canada - Machines \u00e0 Cr\u00eapes Quebec - Crepes Machine Canada - Crepes Machine Quebec - Pasta Machine Canada\" srcset=\"https:\/\/pastamachine.ca\/wp-content\/uploads\/2022\/11\/C3-machine-a-crepes-rondes-400x400.jpg 400w, https:\/\/pastamachine.ca\/wp-content\/uploads\/2022\/11\/C3-machine-a-crepes-rondes.jpg 600w\" sizes=\"(max-width: 400px) 100vw, 400px\" \/><\/div><span class=\"item--overlay\"><\/span><span class=\"screen-reader-text\">C3 Roumd crepes machine<\/span><\/a><\/div><div class=\"product_item_thumbnail_action product_item--action\"><div class=\"wrap-addto\"><a href=\"https:\/\/pastamachine.ca\/en\/product\/c3-roumd-crepes-machine\/\" data-quantity=\"1\" class=\"la-addcart button product_type_simple add_to_cart_button\" data-product_id=\"5413\" data-product_sku=\"\" aria-label=\"Read more about &ldquo;C3 Roumd crepes machine&rdquo;\" rel=\"nofollow\" data-success_message=\"\" data-product_title=\"C3 Roumd crepes machine\" title=\"Read more\"><span class=\"labtn-icon labtn-icon-cart\"><\/span><span class=\"labtn-text\" title=\"Read more\">Read more<\/span><\/a><\/div><\/div><\/div><div class=\"product_item--info\"><div class=\"product_item--info-inner\"><h3 class=\"product_item--title\"><a href=\"https:\/\/pastamachine.ca\/en\/product\/c3-roumd-crepes-machine\/\">C3 Roumd crepes machine<\/a><\/h3>\n<\/div><div class=\"product_item--info-action product_item--action\"><div class=\"wrap-addto\"><a href=\"https:\/\/pastamachine.ca\/en\/product\/c3-roumd-crepes-machine\/\" data-quantity=\"1\" class=\"la-addcart button product_type_simple add_to_cart_button\" data-product_id=\"5413\" data-product_sku=\"\" aria-label=\"Read more about &ldquo;C3 Roumd crepes machine&rdquo;\" rel=\"nofollow\" data-success_message=\"\" data-product_title=\"C3 Roumd crepes machine\" title=\"Read more\"><span class=\"labtn-icon labtn-icon-cart\"><\/span><span class=\"labtn-text\" title=\"Read more\">Read more<\/span><\/a><\/div><\/div><\/div><\/div><\/li>\n<li class=\"product type-product post-5414 status-publish first instock product_cat-crepes-en has-post-thumbnail shipping-taxable product-type-simple lakit-product product_item col-desk-3 col-tabp-2 col-tab-2 col-lap-3\">\n\t<div class=\"product_item--inner\"><div class=\"product_item--thumbnail\"><div class=\"product_item--thumbnail-holder\"><a href=\"https:\/\/pastamachine.ca\/en\/product\/c2-round-crepes-machine\/\" class=\"woocommerce-LoopProduct-link woocommerce-loop-product__link\"><div class=\"lakit-embla__slide figure__object_fit p_img-first\"><img loading=\"lazy\" decoding=\"async\" width=\"400\" height=\"400\" src=\"https:\/\/pastamachine.ca\/wp-content\/uploads\/2022\/11\/Picture18-400x400.jpg\" class=\"attachment-woocommerce_thumbnail size-woocommerce_thumbnail\" alt=\"Machines \u00e0 Cr\u00eapes Canada - Machines \u00e0 Cr\u00eapes Quebec - Crepes Machine Canada - Crepes Machine Quebec - Pasta Machine Canada Pasta Machine Canada, Pasta Machines Quebec. Professional pasta machines for home, restaurants, artisan laboratory and custom production line Pasta Machine Canada, Laval, QC. Machine \u00e0 P\u00e2tes Canada - Machines \u00e0 P\u00e2tes professionnelles pour maison, restaurants, laboratoire artisanal et ligne de production sur mesure Pasta Machines Laval, Quebec, Canada. Professional pasta machines for home, restaurants, artisan laboratory and custom production line\" srcset=\"https:\/\/pastamachine.ca\/wp-content\/uploads\/2022\/11\/Picture18-400x400.jpg 400w, https:\/\/pastamachine.ca\/wp-content\/uploads\/2022\/11\/Picture18.jpg 600w\" sizes=\"(max-width: 400px) 100vw, 400px\" \/><\/div><div class=\"figure__object_fit p_img-second\"><div style=\"background-image: url('https:\/\/pastamachine.ca\/wp-content\/uploads\/2022\/11\/Picture19-400x400.jpg')\"><\/div><\/div><span class=\"item--overlay\"><\/span><span class=\"screen-reader-text\">C2 Round crepes machine<\/span><\/a><\/div><div class=\"product_item_thumbnail_action product_item--action\"><div class=\"wrap-addto\"><a href=\"https:\/\/pastamachine.ca\/en\/product\/c2-round-crepes-machine\/\" data-quantity=\"1\" class=\"la-addcart button product_type_simple add_to_cart_button\" data-product_id=\"5414\" data-product_sku=\"\" aria-label=\"Read more about &ldquo;C2 Round crepes machine&rdquo;\" rel=\"nofollow\" data-success_message=\"\" data-product_title=\"C2 Round crepes machine\" title=\"Read more\"><span class=\"labtn-icon labtn-icon-cart\"><\/span><span class=\"labtn-text\" title=\"Read more\">Read more<\/span><\/a><\/div><\/div><\/div><div class=\"product_item--info\"><div class=\"product_item--info-inner\"><h3 class=\"product_item--title\"><a href=\"https:\/\/pastamachine.ca\/en\/product\/c2-round-crepes-machine\/\">C2 Round crepes machine<\/a><\/h3>\n<\/div><div class=\"product_item--info-action product_item--action\"><div class=\"wrap-addto\"><a href=\"https:\/\/pastamachine.ca\/en\/product\/c2-round-crepes-machine\/\" data-quantity=\"1\" class=\"la-addcart button product_type_simple add_to_cart_button\" data-product_id=\"5414\" data-product_sku=\"\" aria-label=\"Read more about &ldquo;C2 Round crepes machine&rdquo;\" rel=\"nofollow\" data-success_message=\"\" data-product_title=\"C2 Round crepes machine\" title=\"Read more\"><span class=\"labtn-icon labtn-icon-cart\"><\/span><span class=\"labtn-text\" title=\"Read more\">Read more<\/span><\/a><\/div><\/div><\/div><\/div><\/li>\n<li class=\"product type-product post-5415 status-publish instock product_cat-crepes-en has-post-thumbnail shipping-taxable product-type-simple lakit-product product_item col-desk-3 col-tabp-2 col-tab-2 col-lap-3\">\n\t<div class=\"product_item--inner\"><div class=\"product_item--thumbnail\"><div class=\"product_item--thumbnail-holder\"><a href=\"https:\/\/pastamachine.ca\/en\/product\/c1-rectangular-crepes-machine\/\" class=\"woocommerce-LoopProduct-link woocommerce-loop-product__link\"><div class=\"lakit-embla__slide figure__object_fit p_img-first\"><img loading=\"lazy\" decoding=\"async\" width=\"400\" height=\"400\" src=\"https:\/\/pastamachine.ca\/wp-content\/uploads\/2022\/11\/C1-machine-a-crepes-rectangulaire-400x400.jpg\" class=\"attachment-woocommerce_thumbnail size-woocommerce_thumbnail\" alt=\"\" srcset=\"https:\/\/pastamachine.ca\/wp-content\/uploads\/2022\/11\/C1-machine-a-crepes-rectangulaire-400x400.jpg 400w, https:\/\/pastamachine.ca\/wp-content\/uploads\/2022\/11\/C1-machine-a-crepes-rectangulaire.jpg 600w\" sizes=\"(max-width: 400px) 100vw, 400px\" \/><\/div><div class=\"figure__object_fit p_img-second\"><div style=\"background-image: url('https:\/\/pastamachine.ca\/wp-content\/uploads\/2022\/11\/C1-machine-a-crepes-rectangulaire-1-400x400.jpg')\"><\/div><\/div><span class=\"item--overlay\"><\/span><span class=\"screen-reader-text\">C1 rectangular crepes machine<\/span><\/a><\/div><div class=\"product_item_thumbnail_action product_item--action\"><div class=\"wrap-addto\"><a href=\"https:\/\/pastamachine.ca\/en\/product\/c1-rectangular-crepes-machine\/\" data-quantity=\"1\" class=\"la-addcart button product_type_simple add_to_cart_button\" data-product_id=\"5415\" data-product_sku=\"\" aria-label=\"Read more about &ldquo;C1 rectangular crepes machine&rdquo;\" rel=\"nofollow\" data-success_message=\"\" data-product_title=\"C1 rectangular crepes machine\" title=\"Read more\"><span class=\"labtn-icon labtn-icon-cart\"><\/span><span class=\"labtn-text\" title=\"Read more\">Read more<\/span><\/a><\/div><\/div><\/div><div class=\"product_item--info\"><div class=\"product_item--info-inner\"><h3 class=\"product_item--title\"><a href=\"https:\/\/pastamachine.ca\/en\/product\/c1-rectangular-crepes-machine\/\">C1 rectangular crepes machine<\/a><\/h3>\n<\/div><div class=\"product_item--info-action product_item--action\"><div class=\"wrap-addto\"><a href=\"https:\/\/pastamachine.ca\/en\/product\/c1-rectangular-crepes-machine\/\" data-quantity=\"1\" class=\"la-addcart button product_type_simple add_to_cart_button\" data-product_id=\"5415\" data-product_sku=\"\" aria-label=\"Read more about &ldquo;C1 rectangular crepes machine&rdquo;\" rel=\"nofollow\" data-success_message=\"\" data-product_title=\"C1 rectangular crepes machine\" title=\"Read more\"><span class=\"labtn-icon labtn-icon-cart\"><\/span><span class=\"labtn-text\" title=\"Read more\">Read more<\/span><\/a><\/div><\/div><\/div><\/div><\/li>\n<\/ul>\n<\/div><\/div><nav data-ajax_request_id=\"product-page-17d1d8e3_0\" class=\"woocommerce-pagination lakit-pagination clearfix lakit-ajax-pagination\"><\/nav><\/div>\t\t<\/div>\n\t\t\t\t<\/div>\n\t\t\t\t<div class=\"elementor-element elementor-element-ff6bc9c elementor-widget elementor-widget-video\" data-id=\"ff6bc9c\" data-element_type=\"widget\" data-settings=\"{&quot;youtube_url&quot;:&quot;https:\\\/\\\/www.youtube.com\\\/watch?v=DxnYZR8DByg&quot;,&quot;video_type&quot;:&quot;youtube&quot;,&quot;controls&quot;:&quot;yes&quot;}\" data-widget_type=\"video.default\">\n\t\t\t\t<div class=\"elementor-widget-container\">\n\t\t\t\t\t<div class=\"elementor-wrapper elementor-open-inline\">\n\t\t\t<div class=\"elementor-video\"><\/div>\t\t<\/div>\n\t\t\t\t<\/div>\n\t\t\t\t<\/div>\n\t\t\t\t\t<\/div>\n\t\t<\/div>\n\t\t\t\t<div class=\"elementor-column elementor-col-50 elementor-top-column elementor-element elementor-element-65bc0433 column_full_right lakit-col-width-auto-no\" data-id=\"65bc0433\" data-element_type=\"column\" data-settings=\"{&quot;background_background&quot;:&quot;classic&quot;}\">\n\t\t\t<div class=\"elementor-widget-wrap elementor-element-populated\">\n\t\t\t\t\t\t<div class=\"widget-area elementor-element elementor-element-4ad23690 elementor-widget__width-initial elementor-widget-tablet__width-inherit elementor-widget-mobile_extra__width-inherit elementor-widget elementor-widget-sidebar\" data-id=\"4ad23690\" data-element_type=\"widget\" data-widget_type=\"sidebar.default\">\n\t\t\t\t<div class=\"elementor-widget-container\">\n\t\t\t<div id=\"woocommerce_product_search-3\" class=\"widget woocommerce widget_product_search\"><h4 class=\"widget-title\"><span>Search<\/span><\/h4><form method=\"get\" class=\"search-form\" action=\"https:\/\/pastamachine.ca\/en\/\">\n\t<input autocomplete=\"off\" type=\"search\" class=\"search-field\" placeholder=\"Search entire store&hellip;\" value=\"\" name=\"s\" title=\"Search for:\" \/>\n\t<button class=\"search-button\" type=\"submit\"><i class=\"lastudioicon-zoom-1\"><\/i><\/button>\n\t<input type=\"hidden\" name=\"post_type\" value=\"product\" \/>\n<\/form>\n<!-- .search-form --><\/div><div id=\"nav_menu-2\" class=\"widget widget_nav_menu\"><h4 class=\"widget-title\"><span>Pasta Machines<\/span><\/h4><div class=\"menu-pasta-machine-sidebar-en-container\"><ul id=\"menu-pasta-machine-sidebar-en\" class=\"menu\"><li id=\"menu-item-5991\" class=\"menu-item menu-item-type-post_type menu-item-object-page menu-item-5991\"><a href=\"https:\/\/pastamachine.ca\/en\/extruder-machines-and-pasta-rollers\/\">Extrudeur<\/a><\/li>\n<li id=\"menu-item-5630\" class=\"menu-item menu-item-type-taxonomy menu-item-object-product_cat menu-item-5630\"><a href=\"https:\/\/pastamachine.ca\/en\/product-category\/combiner-en\/\">Combiner Machines<\/a><\/li>\n<li id=\"menu-item-5629\" class=\"menu-item menu-item-type-taxonomy menu-item-object-product_cat menu-item-5629\"><a href=\"https:\/\/pastamachine.ca\/en\/product-category\/cappelleti-en\/\">Cappelleti, Ravioli Saccottini<\/a><\/li>\n<li id=\"menu-item-5636\" class=\"menu-item menu-item-type-taxonomy menu-item-object-product_cat menu-item-5636\"><a href=\"https:\/\/pastamachine.ca\/en\/product-category\/pasta-cutter-en\/\">Pasta cutter<\/a><\/li>\n<li id=\"menu-item-5634\" class=\"menu-item menu-item-type-taxonomy menu-item-object-product_cat menu-item-5634\"><a href=\"https:\/\/pastamachine.ca\/en\/product-category\/gnocchi-en\/\">Gnocchi Machines<\/a><\/li>\n<li id=\"menu-item-5637\" class=\"menu-item menu-item-type-taxonomy menu-item-object-product_cat menu-item-5637\"><a href=\"https:\/\/pastamachine.ca\/en\/product-category\/laminoir-en\/\">Pasta sheeter<\/a><\/li>\n<li id=\"menu-item-5635\" class=\"menu-item menu-item-type-taxonomy menu-item-object-product_cat menu-item-5635\"><a href=\"https:\/\/pastamachine.ca\/en\/product-category\/machine-pour-nid-en\/\">Nest machine<\/a><\/li>\n<li id=\"menu-item-5638\" class=\"menu-item menu-item-type-taxonomy menu-item-object-product_cat menu-item-5638\"><a href=\"https:\/\/pastamachine.ca\/en\/product-category\/ravioli-machine-en\/\">Ravioli machines<\/a><\/li>\n<li id=\"menu-item-5633\" class=\"menu-item menu-item-type-taxonomy menu-item-object-product_cat menu-item-5633\"><a href=\"https:\/\/pastamachine.ca\/en\/product-category\/machine-a-papillon-en\/\">Farfalle machine<\/a><\/li>\n<\/ul><\/div><\/div><div id=\"nav_menu-3\" class=\"widget widget_nav_menu\"><h4 class=\"widget-title\"><span>Other Machines<\/span><\/h4><div class=\"menu-dautre-machines-en-container\"><ul id=\"menu-dautre-machines-en\" class=\"menu\"><li id=\"menu-item-5613\" class=\"menu-item menu-item-type-post_type menu-item-object-page menu-item-5613\"><a href=\"https:\/\/pastamachine.ca\/en\/arancini-machines\/\">Arancini machines<\/a><\/li>\n<li id=\"menu-item-5617\" class=\"menu-item menu-item-type-post_type menu-item-object-page menu-item-5617\"><a href=\"https:\/\/pastamachine.ca\/en\/biscuits-machine\/\">Biscuits Machines<\/a><\/li>\n<li id=\"menu-item-5614\" class=\"menu-item menu-item-type-post_type menu-item-object-page menu-item-5614\"><a href=\"https:\/\/pastamachine.ca\/en\/crepes-machine\/\">Crepes Machine<\/a><\/li>\n<li id=\"menu-item-5615\" class=\"menu-item menu-item-type-post_type menu-item-object-page menu-item-5615\"><a href=\"https:\/\/pastamachine.ca\/en\/pasta-dryer\/\">Pasta dryer<\/a><\/li>\n<li id=\"menu-item-5616\" class=\"menu-item menu-item-type-post_type menu-item-object-page menu-item-5616\"><a href=\"https:\/\/pastamachine.ca\/en\/production-line\/\">Product line<\/a><\/li>\n<\/ul><\/div><\/div>\t\t<\/div>\n\t\t\t\t<\/div>\n\t\t\t\t\t<\/div>\n\t\t<\/div>\n\t\t\t\t\t<\/div>\n\t\t<\/section>\n\t\t\t\t<\/div>\n\t\t","protected":false},"excerpt":{"rendered":"<p>Home<\/p>\n","protected":false},"author":1,"featured_media":0,"parent":0,"menu_order":0,"comment_status":"closed","ping_status":"closed","template":"","meta":{"footnotes":""},"yst_prominent_words":[],"class_list":["post-5302","page","type-page","status-publish","hentry"],"_links":{"self":[{"href":"https:\/\/pastamachine.ca\/en\/wp-json\/wp\/v2\/pages\/5302","targetHints":{"allow":["GET"]}}],"collection":[{"href":"https:\/\/pastamachine.ca\/en\/wp-json\/wp\/v2\/pages"}],"about":[{"href":"https:\/\/pastamachine.ca\/en\/wp-json\/wp\/v2\/types\/page"}],"author":[{"embeddable":true,"href":"https:\/\/pastamachine.ca\/en\/wp-json\/wp\/v2\/users\/1"}],"replies":[{"embeddable":true,"href":"https:\/\/pastamachine.ca\/en\/wp-json\/wp\/v2\/comments?post=5302"}],"version-history":[{"count":1,"href":"https:\/\/pastamachine.ca\/en\/wp-json\/wp\/v2\/pages\/5302\/revisions"}],"predecessor-version":[{"id":5303,"href":"https:\/\/pastamachine.ca\/en\/wp-json\/wp\/v2\/pages\/5302\/revisions\/5303"}],"wp:attachment":[{"href":"https:\/\/pastamachine.ca\/en\/wp-json\/wp\/v2\/media?parent=5302"}],"wp:term":[{"taxonomy":"yst_prominent_words","embeddable":true,"href":"https:\/\/pastamachine.ca\/en\/wp-json\/wp\/v2\/yst_prominent_words?post=5302"}],"curies":[{"name":"wp","href":"https:\/\/api.w.org\/{rel}","templated":true}]}}